{"id":21223,"date":"2026-04-24T13:03:36","date_gmt":"2026-04-24T11:03:36","guid":{"rendered":"https:\/\/citadelle-surveillance.fr\/?page_id=21223"},"modified":"2026-04-24T13:03:36","modified_gmt":"2026-04-24T11:03:36","slug":"devis","status":"publish","type":"page","link":"https:\/\/citadelle-surveillance.fr\/index.php\/devis\/","title":{"rendered":"DEVIS"},"content":{"rendered":"\t\t<div data-elementor-type=\"wp-page\" data-elementor-id=\"21223\" class=\"elementor elementor-21223\" data-elementor-post-type=\"page\">\n\t\t\t\t<div class=\"elementor-element elementor-element-44a9462 e-flex e-con-boxed e-con e-parent\" data-id=\"44a9462\" data-element_type=\"container\" data-e-type=\"container\">\n\t\t\t\t\t<div class=\"e-con-inner\">\n\t\t\t\t<div class=\"elementor-element elementor-element-ef296da elementor-widget elementor-widget-shortcode\" data-id=\"ef296da\" data-element_type=\"widget\" data-e-type=\"widget\" data-widget_type=\"shortcode.default\">\n\t\t\t\t<div class=\"elementor-widget-container\">\n\t\t\t\t\t\t\t<div class=\"elementor-shortcode\">            <div class=\"citadelle-devis-wrap\">\r\n                <div class=\"citadelle-devis-box\">\r\n                    <div class=\"citadelle-devis-header\">\r\n                        <span class=\"citadelle-devis-eyebrow\">Demande de devis<\/span>\r\n                        <h2 class=\"citadelle-devis-title\">Parlons de votre besoin en s\u00e9curit\u00e9<\/h2>\r\n                        <p class=\"citadelle-devis-subtitle\">\r\n                            D\u00e9crivez votre besoin, votre contexte et le type de prestation souhait\u00e9.\r\n                            Citadelle Surveillance vous recontacte avec une r\u00e9ponse adapt\u00e9e.\r\n                        <\/p>\r\n                    <\/div>\r\n\r\n                    <form class=\"citadelle-devis-form\" method=\"post\" action=\"https:\/\/citadelle-surveillance.fr\/wp-admin\/admin-post.php\">\r\n                        <input type=\"hidden\" name=\"action\" value=\"citadelle_devis_submit\">\r\n                        <input type=\"hidden\" id=\"citadelle_devis_nonce\" name=\"citadelle_devis_nonce\" value=\"4b86db4043\" \/><input type=\"hidden\" name=\"_wp_http_referer\" value=\"\/index.php\/wp-json\/wp\/v2\/pages\/21223\" \/>\r\n                        <div class=\"citadelle-devis-hidden\" aria-hidden=\"true\">\r\n                            <label for=\"website\">Ne pas remplir<\/label>\r\n                            <input type=\"text\" id=\"website\" name=\"website\" value=\"\">\r\n                        <\/div>\r\n\r\n                        <div class=\"citadelle-devis-field\">\r\n                            <label class=\"citadelle-devis-label\" for=\"cd_first_name\">Pr\u00e9nom *<\/label>\r\n                            <input class=\"citadelle-devis-input\" type=\"text\" id=\"cd_first_name\" name=\"first_name\" required placeholder=\"Votre pr\u00e9nom\">\r\n                        <\/div>\r\n\r\n                        <div class=\"citadelle-devis-field\">\r\n                            <label class=\"citadelle-devis-label\" for=\"cd_last_name\">Nom *<\/label>\r\n                            <input class=\"citadelle-devis-input\" type=\"text\" id=\"cd_last_name\" name=\"last_name\" required placeholder=\"Votre nom\">\r\n                        <\/div>\r\n\r\n                        <div class=\"citadelle-devis-field\">\r\n                            <label class=\"citadelle-devis-label\" for=\"cd_company\">Soci\u00e9t\u00e9<\/label>\r\n                            <input class=\"citadelle-devis-input\" type=\"text\" id=\"cd_company\" name=\"company\" placeholder=\"Nom de votre soci\u00e9t\u00e9\">\r\n                        <\/div>\r\n\r\n                        <div class=\"citadelle-devis-field\">\r\n                            <label class=\"citadelle-devis-label\" for=\"cd_phone\">T\u00e9l\u00e9phone *<\/label>\r\n                            <input class=\"citadelle-devis-input\" type=\"text\" id=\"cd_phone\" name=\"phone\" required placeholder=\"Votre num\u00e9ro\">\r\n                        <\/div>\r\n\r\n                        <div class=\"citadelle-devis-field\">\r\n                            <label class=\"citadelle-devis-label\" for=\"cd_email\">Email *<\/label>\r\n                            <input class=\"citadelle-devis-input\" type=\"email\" id=\"cd_email\" name=\"email\" required placeholder=\"Votre adresse email\">\r\n                        <\/div>\r\n\r\n                        <div class=\"citadelle-devis-field\">\r\n                            <label class=\"citadelle-devis-label\" for=\"cd_service\">Service demand\u00e9 *<\/label>\r\n                            <select class=\"citadelle-devis-select\" id=\"cd_service\" name=\"service\" required>\r\n                                <option value=\"\">Choisir un service<\/option>\r\n                                <option value=\"Gardiennage & surveillance\">Gardiennage & surveillance<\/option>\r\n                                <option value=\"S\u00e9curit\u00e9 \u00e9v\u00e9nementielle\">S\u00e9curit\u00e9 \u00e9v\u00e9nementielle<\/option>\r\n                                <option value=\"S\u00e9curit\u00e9 incendie\">S\u00e9curit\u00e9 incendie<\/option>\r\n                                <option value=\"Surveillance mobile & rondes\">Surveillance mobile & rondes<\/option>\r\n                                <option value=\"Intervention & urgence\">Intervention & urgence<\/option>\r\n                            <\/select>\r\n                        <\/div>\r\n\r\n                        <div class=\"citadelle-devis-field\">\r\n                            <label class=\"citadelle-devis-label\" for=\"cd_site_type\">Type de site \/ besoin<\/label>\r\n                            <input class=\"citadelle-devis-input\" type=\"text\" id=\"cd_site_type\" name=\"site_type\" placeholder=\"Site industriel, commerce, \u00e9v\u00e9nement, immeuble...\">\r\n                        <\/div>\r\n\r\n                        <div class=\"citadelle-devis-field\">\r\n                            <label class=\"citadelle-devis-label\" for=\"cd_city\">Ville \/ lieu d\u2019intervention<\/label>\r\n                            <input class=\"citadelle-devis-input\" type=\"text\" id=\"cd_city\" name=\"city\" placeholder=\"Strasbourg, Bas-Rhin, Grand Est...\">\r\n                        <\/div>\r\n\r\n                        <div class=\"citadelle-devis-field\">\r\n                            <label class=\"citadelle-devis-label\" for=\"cd_intervention_date\">Date \/ p\u00e9riode souhait\u00e9e<\/label>\r\n                            <input class=\"citadelle-devis-input\" type=\"text\" id=\"cd_intervention_date\" name=\"intervention_date\" placeholder=\"Ex. \u00e0 partir du 15 mai \/ mission ponctuelle \/ mensuel...\">\r\n                        <\/div>\r\n\r\n                        <div class=\"citadelle-devis-field\">\r\n                            <label class=\"citadelle-devis-label\" for=\"cd_hours\">Horaires estim\u00e9s<\/label>\r\n                            <input class=\"citadelle-devis-input\" type=\"text\" id=\"cd_hours\" name=\"hours\" placeholder=\"Ex. 18h - 2h \/ journ\u00e9e \/ nuit\">\r\n                        <\/div>\r\n\r\n                        <div class=\"citadelle-devis-field\">\r\n                            <label class=\"citadelle-devis-label\" for=\"cd_urgency\">Niveau d\u2019urgence<\/label>\r\n                            <select class=\"citadelle-devis-select\" id=\"cd_urgency\" name=\"urgency\">\r\n                                <option value=\"\">Choisir<\/option>\r\n                                <option value=\"Standard\">Standard<\/option>\r\n                                <option value=\"Rapide\">Rapide<\/option>\r\n                                <option value=\"Urgent\">Urgent<\/option>\r\n                            <\/select>\r\n                        <\/div>\r\n\r\n                        <div class=\"citadelle-devis-field full\">\r\n                            <label class=\"citadelle-devis-label\" for=\"cd_details\">D\u00e9crivez votre besoin *<\/label>\r\n                            <textarea class=\"citadelle-devis-textarea\" id=\"cd_details\" name=\"details\" required placeholder=\"Expliquez votre besoin, le contexte, la dur\u00e9e, le nombre de personnes attendues ou toute information utile...\"><\/textarea>\r\n                        <\/div>\r\n\r\n                        <div class=\"citadelle-devis-note\">\r\n                            En envoyant ce formulaire, vous acceptez que vos informations soient utilis\u00e9es pour traiter votre demande de devis.\r\n                        <\/div>\r\n\r\n                        <div class=\"citadelle-devis-actions\">\r\n                            <button type=\"submit\" class=\"citadelle-devis-btn citadelle-devis-btn-primary\">Envoyer ma demande<\/button>\r\n                            <span class=\"citadelle-devis-badge\">R\u00e9ponse rapide et \u00e9tude personnalis\u00e9e<\/span>\r\n                        <\/div>\r\n                    <\/form>\r\n                <\/div>\r\n            <\/div>\r\n            <\/div>\n\t\t\t\t\t\t<\/div>\n\t\t\t\t<\/div>\n\t\t\t\t\t<\/div>\n\t\t\t\t<\/div>\n\t\t\t\t<\/div>\n\t\t","protected":false},"excerpt":{"rendered":"","protected":false},"author":2,"featured_media":0,"parent":0,"menu_order":0,"comment_status":"closed","ping_status":"closed","template":"","meta":{"om_disable_all_campaigns":false,"_monsterinsights_skip_tracking":false,"_monsterinsights_sitenote_active":false,"_monsterinsights_sitenote_note":"","_monsterinsights_sitenote_category":0,"footnotes":""},"class_list":["post-21223","page","type-page","status-publish","hentry"],"aioseo_notices":[],"_links":{"self":[{"href":"https:\/\/citadelle-surveillance.fr\/index.php\/wp-json\/wp\/v2\/pages\/21223","targetHints":{"allow":["GET"]}}],"collection":[{"href":"https:\/\/citadelle-surveillance.fr\/index.php\/wp-json\/wp\/v2\/pages"}],"about":[{"href":"https:\/\/citadelle-surveillance.fr\/index.php\/wp-json\/wp\/v2\/types\/page"}],"author":[{"embeddable":true,"href":"https:\/\/citadelle-surveillance.fr\/index.php\/wp-json\/wp\/v2\/users\/2"}],"replies":[{"embeddable":true,"href":"https:\/\/citadelle-surveillance.fr\/index.php\/wp-json\/wp\/v2\/comments?post=21223"}],"version-history":[{"count":2,"href":"https:\/\/citadelle-surveillance.fr\/index.php\/wp-json\/wp\/v2\/pages\/21223\/revisions"}],"predecessor-version":[{"id":21233,"href":"https:\/\/citadelle-surveillance.fr\/index.php\/wp-json\/wp\/v2\/pages\/21223\/revisions\/21233"}],"wp:attachment":[{"href":"https:\/\/citadelle-surveillance.fr\/index.php\/wp-json\/wp\/v2\/media?parent=21223"}],"curies":[{"name":"wp","href":"https:\/\/api.w.org\/{rel}","templated":true}]}}